{"id":234,"date":"2018-08-07T13:56:27","date_gmt":"2018-08-07T13:56:27","guid":{"rendered":"http:\/\/wp.ferienhaus-mayer.de\/?page_id=234"},"modified":"2020-01-25T14:28:59","modified_gmt":"2020-01-25T14:28:59","slug":"sibyllenbad","status":"publish","type":"page","link":"http:\/\/wp.ferienhaus-mayer.de\/?page_id=234","title":{"rendered":"Sibyllenbad"},"content":{"rendered":"<h2 style=\"text-align: center;\"><strong>Wellness und Gesundheit!<\/strong><\/h2>\n<p style=\"text-align: center;\"><span style=\"color: #993366;\"><strong>Erleben Sie einen traumhaften Tag im Sibyllenbad und tanken Sie neue Kraft und Energie!<\/strong><\/span><\/p>\n<p><a href=\"http:\/\/wp.ferienhaus-mayer.de\/wp-content\/uploads\/2019\/09\/IMG_1639-e1567792320427.jpg\" data-rel=\"lightbox-gallery-ngjeehbh\" data-rl_title=\"\" data-rl_caption=\"\" title=\"\"><img loading=\"lazy\" decoding=\"async\" class=\"alignleft size-thumbnail wp-image-596\" src=\"http:\/\/wp.ferienhaus-mayer.de\/wp-content\/uploads\/2019\/09\/IMG_1639-150x150.jpg\" alt=\"\" width=\"150\" height=\"150\" \/><\/a><\/p>\n<p>&nbsp;<\/p>\n<p>Eine Quelle der Gesundheit, der nat\u00fcrlichen Sch\u00f6nheit und Lebensfreude ist das nahe gelegene Thermalbad Sibyllenbad in Bad Neualbenreuth (12km).<\/p>\n<p>&nbsp;<\/p>\n<p>In der weitl\u00e4ufigen Heilwasser Badelandschaft mit Dampfbad, Whirlpool sowie Aussenbadebereich, der gro\u00dfz\u00fcgigen Wellnesslandschaft und dem einzigartigen orientalischen Badetempel bringt das Kurmittelhaus seinen G\u00e4sten Erholung pur.<\/p>\n<p>G\u00f6nnen Sie sich einen kleinen Urlaub in den 8 verschiedenen Saunen mit unterschiedlichen Temperaturen und Aufg\u00fcssen.<\/p>\n<p>Gesundheitspr\u00e4vention und Schmerzlinderung erg\u00e4nzen sich idealerweise zu Ihrem Wohl.<\/p>\n<p>Das medizinische Badehaus garantiert durch seine hochwirksamen Radon- und Kohlens\u00e4urequellen, eine erfolgreiche Behandlung vieler Leiden: z.B. Erkrankungen des rheumatischen Formenkreises, Herz- und Kreislauferkrankungen, chronische Durchblutungsst\u00f6rungen, degenerative Prozesse in Wirbels\u00e4ulen und noch vieles mehr.<\/p>\n<p style=\"text-align: center;\"><strong><span style=\"color: #993366;\">Die Zeit, die wir uns nehmen, ist die Zeit, die uns was gibt!<\/span><\/strong><\/p>\n<p>Die medizinische Abteilung erm\u00f6glicht Ihnen auch den Weg zur Kur. Sprechen Sie mit Ihrem Hausarzt. Mehr Informationen unter <a href=\"http:\/\/www.sibyllenbad.de\">Sibyllenbad<\/a><\/p>\n<p style=\"text-align: center;\"><strong>Spazieren Sie durch den Kurpark!<\/strong><\/p>\n<p><a href=\"http:\/\/wp.ferienhaus-mayer.de\/wp-content\/uploads\/2019\/09\/IMG_1640-e1567792702150.jpg\" data-rel=\"lightbox-gallery-ngjeehbh\" data-rl_title=\"\" data-rl_caption=\"\" title=\"\"><img loading=\"lazy\" decoding=\"async\" class=\"alignleft size-thumbnail wp-image-598\" src=\"http:\/\/wp.ferienhaus-mayer.de\/wp-content\/uploads\/2019\/09\/IMG_1640-150x150.jpg\" alt=\"\" width=\"150\" height=\"150\" \/><\/a><a href=\"http:\/\/wp.ferienhaus-mayer.de\/wp-content\/uploads\/2019\/09\/IMG_1643-e1567792950585.jpg\" data-rel=\"lightbox-gallery-ngjeehbh\" data-rl_title=\"\" data-rl_caption=\"\" title=\"\"><img loading=\"lazy\" decoding=\"async\" class=\"alignleft size-thumbnail wp-image-601\" src=\"http:\/\/wp.ferienhaus-mayer.de\/wp-content\/uploads\/2019\/09\/IMG_1643-150x150.jpg\" alt=\"\" width=\"150\" height=\"150\" \/><\/a><a href=\"http:\/\/wp.ferienhaus-mayer.de\/wp-content\/uploads\/2019\/09\/IMG_1644-e1567793034718.jpg\" data-rel=\"lightbox-gallery-ngjeehbh\" data-rl_title=\"\" data-rl_caption=\"\" title=\"\"><img loading=\"lazy\" decoding=\"async\" class=\"alignleft size-thumbnail wp-image-602\" src=\"http:\/\/wp.ferienhaus-mayer.de\/wp-content\/uploads\/2019\/09\/IMG_1644-150x150.jpg\" alt=\"\" width=\"150\" height=\"150\" \/><\/a><\/p>\n<p>&nbsp;<\/p>\n","protected":false},"excerpt":{"rendered":"<p>Wellness und Gesundheit! Erleben Sie einen traumhaften Tag im Sibyllenbad und tanken Sie neue Kraft und Energie! &nbsp; Eine Quelle der Gesundheit, der nat\u00fcrlichen Sch\u00f6nheit und Lebensfreude ist das nahe gelegene Thermalbad Sibyllenbad in Bad Neualbenreuth (12km). &nbsp; In der &hellip; <a href=\"http:\/\/wp.ferienhaus-mayer.de\/?page_id=234\">Weiterlesen <span class=\"meta-nav\">&rarr;<\/span><\/a><\/p>\n","protected":false},"author":1,"featured_media":0,"parent":0,"menu_order":60,"comment_status":"closed","ping_status":"closed","template":"","meta":{"_acf_changed":false,"footnotes":""},"class_list":["post-234","page","type-page","status-publish","hentry"],"acf":[],"_links":{"self":[{"href":"http:\/\/wp.ferienhaus-mayer.de\/index.php?rest_route=\/wp\/v2\/pages\/234"}],"collection":[{"href":"http:\/\/wp.ferienhaus-mayer.de\/index.php?rest_route=\/wp\/v2\/pages"}],"about":[{"href":"http:\/\/wp.ferienhaus-mayer.de\/index.php?rest_route=\/wp\/v2\/types\/page"}],"author":[{"embeddable":true,"href":"http:\/\/wp.ferienhaus-mayer.de\/index.php?rest_route=\/wp\/v2\/users\/1"}],"replies":[{"embeddable":true,"href":"http:\/\/wp.ferienhaus-mayer.de\/index.php?rest_route=%2Fwp%2Fv2%2Fcomments&post=234"}],"version-history":[{"count":26,"href":"http:\/\/wp.ferienhaus-mayer.de\/index.php?rest_route=\/wp\/v2\/pages\/234\/revisions"}],"predecessor-version":[{"id":689,"href":"http:\/\/wp.ferienhaus-mayer.de\/index.php?rest_route=\/wp\/v2\/pages\/234\/revisions\/689"}],"wp:attachment":[{"href":"http:\/\/wp.ferienhaus-mayer.de\/index.php?rest_route=%2Fwp%2Fv2%2Fmedia&parent=234"}],"curies":[{"name":"wp","href":"https:\/\/api.w.org\/{rel}","templated":true}]}}