{"id":237,"date":"2018-08-07T14:44:01","date_gmt":"2018-08-07T14:44:01","guid":{"rendered":"http:\/\/wp.ferienhaus-mayer.de\/?page_id=237"},"modified":"2020-10-15T14:02:05","modified_gmt":"2020-10-15T14:02:05","slug":"ausflugsziele","status":"publish","type":"page","link":"http:\/\/wp.ferienhaus-mayer.de\/?page_id=237","title":{"rendered":"Ausflugsziele"},"content":{"rendered":"<h2 style=\"text-align: center;\"><strong><span style=\"color: #993366;\">Entdecken Sie unsere kulturellen Sch\u00e4tze und Sehensw\u00fcrdigkeiten!<\/span><\/strong><\/h2>\n<p><a href=\"http:\/\/www.stadt-tirschenreuth.de\">Tirschenreuth:<\/a>\u00a0\u00a0\u00a0\u00a0<a href=\"http:\/\/wp.ferienhaus-mayer.de\/wp-content\/uploads\/2018\/11\/20181011_162428-e1541605224613.jpg\" data-rel=\"lightbox-gallery-zOIqoikl\" data-rl_title=\"\" data-rl_caption=\"\" title=\"\"><img loading=\"lazy\" decoding=\"async\" class=\"alignleft size-thumbnail wp-image-422\" src=\"http:\/\/wp.ferienhaus-mayer.de\/wp-content\/uploads\/2018\/11\/20181011_162428-e1541605224613-150x150.jpg\" alt=\"\" width=\"150\" height=\"150\" \/><\/a><\/p>\n<p>Museumsquartier, Haus am Teich,\u00a0 <a href=\"http:\/\/www.oberpfalz-luftbild.de\/tir-teiche.htm\">Teichpfanne,<\/a>\u00a0 Fischhofpark, Zoigl Gastst\u00e4tten,<\/p>\n<p>&nbsp;<\/p>\n<p><a href=\"http:\/\/www.waldsassen.de\">Waldsassen:\u00a0<\/a>\u00a0\u00a0 Basilika, Stiftlandmuseum,\u00a0 <a href=\"http:\/\/www.straussenfarm-mitterhof.de\">Strau\u00dfenfarm,<\/a><\/p>\n<p><a href=\"http:\/\/wp.ferienhaus-mayer.de\/wp-content\/uploads\/2019\/09\/IMG_1655-e1567787029335.jpg\" data-rel=\"lightbox-gallery-zOIqoikl\" data-rl_title=\"\" data-rl_caption=\"\" title=\"\"><img loading=\"lazy\" decoding=\"async\" class=\"alignleft size-thumbnail wp-image-587\" src=\"http:\/\/wp.ferienhaus-mayer.de\/wp-content\/uploads\/2019\/09\/IMG_1655-150x150.jpg\" alt=\"\" width=\"150\" height=\"150\" \/><\/a> <a href=\"http:\/\/www.kapplkirche.de\">Kappl Kirche:<\/a><\/p>\n<p>Drei Kilometer von Waldsassen entfernt finden Sie die Dreifaltigkeitskirche Kappl, ein bedeutender barocker Rundbau und eines der Wahrzeichen des Stiftlandes.<\/p>\n<p>&nbsp;<\/p>\n<p><a href=\"http:\/\/wp.ferienhaus-mayer.de\/wp-content\/uploads\/2019\/09\/IMG_1659-e1567787548167.jpg\" data-rel=\"lightbox-gallery-zOIqoikl\" data-rl_title=\"\" data-rl_caption=\"\" title=\"\"><img loading=\"lazy\" decoding=\"async\" class=\"alignleft size-thumbnail wp-image-590\" src=\"http:\/\/wp.ferienhaus-mayer.de\/wp-content\/uploads\/2019\/09\/IMG_1659-150x150.jpg\" alt=\"\" width=\"150\" height=\"150\" \/><\/a><a href=\"http:\/\/www.konnersreutherring.de\">Konnersreuth:<\/a><\/p>\n<p>Die &#8222;Stigmatisierte&#8220; Resl von Konnersreuth<\/p>\n<p>mit Reslgarten, wiederhergestellt vom Gartenbauverein Konnersreuth<\/p>\n<p>&nbsp;<\/p>\n<p><a href=\"http:\/\/www.mitterteich.de\">Mitterteich:<\/a>\u00a0\u00a0 Der <a href=\"http:\/\/www.freizeithugl.de\">Freizeithugl<\/a> in Gro\u00dfb\u00fcchlberg mit Rodelbahn, Zoigl Gastst\u00e4tten, Porzellanmuseum<\/p>\n<p><a href=\"http:\/\/www.neualbenreuth.de\">Bad Neualbenreuth:<\/a>\u00a0\u00a0\u00a0 \u00a0 Herbstzauber\u00a0\u00a0 &#8211;\u00a0\u00a0 das <a href=\"http:\/\/www.das-kartoffelfest.de\">Kartoffelfest<\/a> &#8211; unterhalb des Sibyllenbad &#8211; Kurparks.\u00a0\u00a0\u00a0\u00a0 Weihnachtsmarkt<\/p>\n<p><a href=\"http:\/\/www.markt-falkenberg.de\">Falkenberg:<\/a>\u00a0\u00a0 ein kultureller Anziehungspunkt ist die\u00a0<a href=\"http:\/\/www.burg-falkenberg.bayern\"> Burg,<\/a>\u00a0 Zoigl Gastst\u00e4tten,<\/p>\n<p><a href=\"http:\/\/wp.ferienhaus-mayer.de\/wp-content\/uploads\/2019\/09\/IMG_1679-e1567793509643.jpg\" data-rel=\"lightbox-gallery-zOIqoikl\" data-rl_title=\"\" data-rl_caption=\"\" title=\"\"><img loading=\"lazy\" decoding=\"async\" class=\"alignleft size-thumbnail wp-image-605\" src=\"http:\/\/wp.ferienhaus-mayer.de\/wp-content\/uploads\/2019\/09\/IMG_1679-150x150.jpg\" alt=\"\" width=\"150\" height=\"150\" \/><\/a><a href=\"http:\/\/www.schoene-wanderwege.de\/waldnaabtal-wanderweg\/\"><span style=\"color: #800080;\">Waldnaabtal<\/span><\/a><\/p>\n<p>Natur pur!<\/p>\n<p>Die Blockh\u00fctte\u00a0 &#8211;\u00a0 mit einem gro\u00dfen und schattigen Biergarten ist ein beliebtes Ziel zahlreicher Wanderer und Radfahrer.<\/p>\n<p>&nbsp;<\/p>\n<p><a href=\"http:\/\/www.baernau.de\">B\u00e4rnau:<\/a>\u00a0\u00a0 Der historische \u00a0\u00a0<a href=\"http:\/\/www.geschichtspark.de\"> Geschichtspark.\u00a0<\/a>\u00a0\u00a0\u00a0\u00a0\u00a0 <a href=\"http:\/\/www.deutsches-knopfmuseum.de\">Knopfmuseum<\/a><\/p>\n<p><a href=\"http:\/\/www.ploessberg.de\">Pl\u00f6\u00dfberg:<\/a>\u00a0\u00a0 Waldstrandbad.<\/p>\n<p><a href=\"http:\/\/www.weiden.de\">Weiden:<\/a>\u00a0\u00a0 Therme mit Wellness- und Saunabereich, Altstadt, Fu\u00dfg\u00e4ngerzone, Eisstadion.<\/p>\n<p><a href=\"http:\/\/www.wunsiedel.de\">Wunsiedel:<\/a>\u00a0\u00a0\u00a0 Fichtelgebirgshalle, Museum,\u00a0 <a href=\"http:\/\/www.berg-erleben.de\">B\u00fcrgerpark Katharinenberg\u00a0\u00a0<\/a><\/p>\n<p><a href=\"http:\/\/www.luisenburg-aktuell.de\">Luisenburg:\u00a0<\/a>\u00a0\u00a0\u00a0\u00a0\u00a0 Festspiele auf der sch\u00f6nsten und \u00e4ltesten Naturb\u00fchne Deutschlands mit \u00fcberdachten Zuschauerraum. Zu erkunden ist ebenfalls Europas gr\u00f6\u00dftes Felsenlabyrinth. Ein eigens angelegter Rundweg zeigt Ihnen die Einzigartigkeit dieses Naturschauspiels.<\/p>\n<p>&nbsp;<\/p>\n<h1 style=\"text-align: center;\"><strong><span style=\"color: #993366;\">Der Zoigl &#8211; Das Kultbier der Oberpfalz<\/span><\/strong><\/h1>\n<p>Der Zoigl ist ein unterg\u00e4riges, unfiltriertes Traditionsbier. Dazu gibt es in den zahlreichen Gastst\u00e4tten schmackhafte und preiswerte Hausmacher-Brotzeiten. Die <a href=\"http:\/\/www.zoiglbier.de\/zoigltermine\/\">\u00a0Termine<\/a>\u00a0 wann es wo Zoigl gibt.<\/p>\n<p>Informationen \u00fcber den\u00a0 <a href=\"http:\/\/www.zoiglinfo.de\">&#8220; Zoigl &#8220;\u00a0<\/a><\/p>\n<h3 style=\"text-align: center;\"><strong><span style=\"color: #800080;\">Zoiglbier mit Herz gebraut, das Herz nicht mit Kommerz versaut, mit Herzblut und mit Muskelschmalz, das ist das Herz der Oberpfalz!\u00a0\u00a0\u00a0\u00a0 <\/span><\/strong><\/h3>\n<h5>von Norbert Neugirg<\/h5>\n<p>&nbsp;<\/p>\n<p>&nbsp;<\/p>\n<h2 style=\"text-align: center;\"><strong><span style=\"color: #993366;\">Sehenswerte St\u00e4dte in der Tschechei.<\/span><\/strong><\/h2>\n<p><a href=\"http:\/\/www.cheb.cz\">Eger:<\/a><\/p>\n<p><a href=\"http:\/\/www.maria-loreto.de\">Loreto:<\/a>\u00a0\u00a0 Wallfahrtskirche<\/p>\n<p><a href=\"http:\/\/www.marianske-lazne.info\">Marienbad:\u00a0<\/a>\u00a0 Kurpromenade<\/p>\n<p><a href=\"http:\/\/www.frantiskovylazne.cz\">Franzensbad:<\/a><\/p>\n<p><a href=\"http:\/\/www.karlovyvary.cz\">Karlsbad:<\/a><\/p>\n<p>Plan:\u00a0\u00a0 <a href=\"http:\/\/www.sankt-anna-plan.de\">St.Anna Wallfahrtskirche<\/a><\/p>\n<p><a href=\"http:\/\/www.pilsen.eu\">Pilsen:<\/a>\u00a0\u00a0\u00a0 Die Tradition des\u00a0\u00a0 <a href=\"http:\/\/www.visitplzen.eu\">Pilsner Biers<\/a><\/p>\n<p><a href=\"http:\/\/wp.ferienhaus-mayer.de\/wp-content\/uploads\/2019\/02\/20190217_155408-e1550587442648.jpg\" data-rel=\"lightbox-gallery-zOIqoikl\" data-rl_title=\"\" data-rl_caption=\"\" title=\"\"><img loading=\"lazy\" decoding=\"async\" class=\"alignleft size-thumbnail wp-image-546\" src=\"http:\/\/wp.ferienhaus-mayer.de\/wp-content\/uploads\/2019\/02\/20190217_155408-e1550587442648-150x150.jpg\" alt=\"\" width=\"150\" height=\"150\" \/><\/a><a href=\"http:\/\/www.chodovar.cz\">Chodovar:<\/a><\/p>\n<p>Restaurant im Felsenkeller, Brauerei, Hotel mit Restaurant<\/p>\n<p>sieben verschiedene Biersorten werden in der traditionellen Brauerei hergestellt.<\/p>\n<p>&nbsp;<\/p>\n<p><a href=\"http:\/\/www.klastertepla.cz\">Stift Tepl:<\/a><\/p>\n<p><a href=\"http:\/\/www.kladska.com\">Kladska:<\/a><\/p>\n<p><a href=\"http:\/\/www.prague.eu\">Prag:<\/a><\/p>\n<p>&nbsp;<\/p>\n<p>&nbsp;<\/p>\n<p>&nbsp;<\/p>\n","protected":false},"excerpt":{"rendered":"<p>Entdecken Sie unsere kulturellen Sch\u00e4tze und Sehensw\u00fcrdigkeiten! Tirschenreuth:\u00a0\u00a0\u00a0\u00a0 Museumsquartier, Haus am Teich,\u00a0 Teichpfanne,\u00a0 Fischhofpark, Zoigl Gastst\u00e4tten, &nbsp; Waldsassen:\u00a0\u00a0\u00a0 Basilika, Stiftlandmuseum,\u00a0 Strau\u00dfenfarm, Kappl Kirche: Drei Kilometer von Waldsassen entfernt finden Sie die Dreifaltigkeitskirche Kappl, ein bedeutender barocker Rundbau und eines der &hellip; <a href=\"http:\/\/wp.ferienhaus-mayer.de\/?page_id=237\">Weiterlesen <span class=\"meta-nav\">&rarr;<\/span><\/a><\/p>\n","protected":false},"author":1,"featured_media":0,"parent":0,"menu_order":50,"comment_status":"closed","ping_status":"closed","template":"","meta":{"_acf_changed":false,"footnotes":""},"class_list":["post-237","page","type-page","status-publish","hentry"],"acf":[],"_links":{"self":[{"href":"http:\/\/wp.ferienhaus-mayer.de\/index.php?rest_route=\/wp\/v2\/pages\/237"}],"collection":[{"href":"http:\/\/wp.ferienhaus-mayer.de\/index.php?rest_route=\/wp\/v2\/pages"}],"about":[{"href":"http:\/\/wp.ferienhaus-mayer.de\/index.php?rest_route=\/wp\/v2\/types\/page"}],"author":[{"embeddable":true,"href":"http:\/\/wp.ferienhaus-mayer.de\/index.php?rest_route=\/wp\/v2\/users\/1"}],"replies":[{"embeddable":true,"href":"http:\/\/wp.ferienhaus-mayer.de\/index.php?rest_route=%2Fwp%2Fv2%2Fcomments&post=237"}],"version-history":[{"count":94,"href":"http:\/\/wp.ferienhaus-mayer.de\/index.php?rest_route=\/wp\/v2\/pages\/237\/revisions"}],"predecessor-version":[{"id":696,"href":"http:\/\/wp.ferienhaus-mayer.de\/index.php?rest_route=\/wp\/v2\/pages\/237\/revisions\/696"}],"wp:attachment":[{"href":"http:\/\/wp.ferienhaus-mayer.de\/index.php?rest_route=%2Fwp%2Fv2%2Fmedia&parent=237"}],"curies":[{"name":"wp","href":"https:\/\/api.w.org\/{rel}","templated":true}]}}