{"id":58,"date":"2018-07-16T15:38:27","date_gmt":"2018-07-16T15:38:27","guid":{"rendered":"http:\/\/wp.ferienhaus-mayer.de\/?page_id=58"},"modified":"2023-07-06T15:21:01","modified_gmt":"2023-07-06T15:21:01","slug":"ueber-maehring","status":"publish","type":"page","link":"http:\/\/wp.ferienhaus-mayer.de\/?page_id=58","title":{"rendered":"Ferienwohnung"},"content":{"rendered":"<h2 style=\"text-align: left;\"><strong>Verbringen Sie Ihren wohlverdienten Urlaub in unserer gem\u00fctlichen Ferienwohnung mit Terrasse!<\/strong><\/h2>\n<h3><strong><a style=\"pointer-events: none;\" href=\"http:\/\/wp.ferienhaus-mayer.de\/wp-content\/uploads\/2016\/05\/Terrasse02-1.jpg\" data-rel=\"lightbox-gallery-fBcw9dI8\" data-rl_title=\"\" data-rl_caption=\"\" title=\"\"><img loading=\"lazy\" decoding=\"async\" class=\"alignleft size-medium wp-image-109\" src=\"http:\/\/wp.ferienhaus-mayer.de\/wp-content\/uploads\/2016\/05\/Terrasse02-1-300x225.jpg\" alt=\"\" width=\"300\" height=\"225\" srcset=\"http:\/\/wp.ferienhaus-mayer.de\/wp-content\/uploads\/2016\/05\/Terrasse02-1-300x225.jpg 300w, http:\/\/wp.ferienhaus-mayer.de\/wp-content\/uploads\/2016\/05\/Terrasse02-1-768x576.jpg 768w, http:\/\/wp.ferienhaus-mayer.de\/wp-content\/uploads\/2016\/05\/Terrasse02-1-1024x768.jpg 1024w, http:\/\/wp.ferienhaus-mayer.de\/wp-content\/uploads\/2016\/05\/Terrasse02-1.jpg 1600w\" sizes=\"(max-width: 300px) 100vw, 300px\" \/><\/a><\/strong><span style=\"color: #993366;\"><strong><br \/><\/strong><\/span><\/h3>\n<h3><span style=\"color: #000000;\"><strong>\u00a0\u00a0\u00a0\u00a0\u00a0\u00a0\u00a0\u00a0\u00a0\u00a0\u00a0\u00a0\u00a0\u00a0\u00a0\u00a0\u00a0\u00a0\u00a0\u00a0\u00a0\u00a0\u00a0\u00a0\u00a0\u00a0\u00a0\u00a0\u00a0\u00a0\u00a0\u00a0\u00a0\u00a0\u00a0\u00a0\u00a0\u00a0\u00a0\u00a0\u00a0\u00a0\u00a0\u00a0\u00a0\u00a0\u00a0\u00a0\u00a0\u00a0\u00a0\u00a0\u00a0\u00a0\u00a0\u00a0\u00a0\u00a0\u00a0\u00a0\u00a0\u00a0\u00a0\u00a0\u00a0\u00a0\u00a0\u00a0\u00a0\u00a0\u00a0\u00a0\u00a0 <\/strong><\/span><\/h3>\n<h3><em><strong>Ihre Terrasse &#8211; ein Platz an der Sonne!<\/strong><\/em><\/h3>\n<h3>Ihr behagliches Urlaubszuhause ist eine Einliegerwohnung mit Zugang zum Garten und Liegewiese. Eine m\u00f6blierte Terrasse (Gartenm\u00f6bel, Liege, Hollywoodschaukel und Markise) l\u00e4dt dazu ein, die Ferienwohnung auch tags\u00fcber zu genie\u00dfen.<\/h3>\n<h3>Die Wohnung (70 m\u00b2) ist f\u00fcr 2-4 Personen geeignet. Sie ist mit einer Zentralheizung und 2 gro\u00dfen Schlafzimmern (jeweils Doppelbett und eine Bettcouch) ausgestattet. Ein Kinderbett und Hochstuhl kann zugestellt werden.<\/h3>\n<h3>Die Wohnk\u00fcche besteht aus Eckbank, Couch und K\u00fcchenzeile, welche mit allem n\u00f6tigem Geschirr, Elektroherd, Kaffeemaschine, Wasserkocher, Brotschneidemaschine, Toaster und K\u00fchlschrank ( mit Gefrierfach ) eingerichtet ist. Ebenso finden Sie ein Radio, einen Sat-TV-Flachbildschirm sowie ein B\u00fcgeleisen vor.<\/h3>\n<h3>Das Badezimmer ist ausgestattet mit Waschbecken, WC, Badewanne mit Duschabtrennung, F\u00f6n und W\u00e4schest\u00e4nder.<\/h3>\n<h3>Der PKW Parkplatz befindet sich direkt am Haus.<\/h3>\n<h3>Die Benutzung von Waschmaschine und Trockner ist gegen eine kleine Geb\u00fchr m\u00f6glich.<\/h3>\n<h3>Br\u00f6tchenservice!<\/h3>\n<h3><strong>W\u00fcnschen Sie ein reichhaltiges Fr\u00fchst\u00fcck f\u00fcr einen guten Start in den Tag?\u00a0\u00a0 Ich \u00fcbernehme das gerne und serviere es Ihnen in der Ferienwohnung! <\/strong><\/h3>\n<h4><a style=\"pointer-events: none;\" href=\"http:\/\/wp.ferienhaus-mayer.de\/wp-content\/uploads\/2019\/04\/schlafzimmer-neu.jpg\" data-rel=\"lightbox-gallery-fBcw9dI8\" data-rl_title=\"\" data-rl_caption=\"\" title=\"\"><img loading=\"lazy\" decoding=\"async\" class=\"alignleft size-thumbnail wp-image-558\" src=\"http:\/\/wp.ferienhaus-mayer.de\/wp-content\/uploads\/2019\/04\/schlafzimmer-neu-150x150.jpg\" alt=\"\" width=\"150\" height=\"150\" \/><\/a><a style=\"pointer-events: none;\" href=\"http:\/\/wp.ferienhaus-mayer.de\/wp-content\/uploads\/2018\/07\/Bad01.jpg\" data-rel=\"lightbox-gallery-fBcw9dI8\" data-rl_title=\"\" data-rl_caption=\"\" title=\"\"><img loading=\"lazy\" decoding=\"async\" class=\"alignleft size-thumbnail wp-image-121\" src=\"http:\/\/wp.ferienhaus-mayer.de\/wp-content\/uploads\/2018\/07\/Bad01-150x150.jpg\" alt=\"\" width=\"150\" height=\"150\" \/><\/a><a style=\"pointer-events: none;\" href=\"http:\/\/wp.ferienhaus-mayer.de\/wp-content\/uploads\/2018\/08\/IMG_1465.jpg\" data-rel=\"lightbox-gallery-fBcw9dI8\" data-rl_title=\"\" data-rl_caption=\"\" title=\"\"><img loading=\"lazy\" decoding=\"async\" class=\"alignleft size-thumbnail wp-image-371\" src=\"http:\/\/wp.ferienhaus-mayer.de\/wp-content\/uploads\/2018\/08\/IMG_1465-150x150.jpg\" alt=\"\" width=\"150\" height=\"150\" \/><\/a><a style=\"pointer-events: none;\" href=\"http:\/\/wp.ferienhaus-mayer.de\/wp-content\/uploads\/2023\/07\/Neue-Wohnkueche-2.jpg\" data-rel=\"lightbox-gallery-fBcw9dI8\" data-rl_title=\"\" data-rl_caption=\"\" title=\"\"><img loading=\"lazy\" decoding=\"async\" class=\"alignleft size-thumbnail wp-image-772\" src=\"http:\/\/wp.ferienhaus-mayer.de\/wp-content\/uploads\/2023\/07\/Neue-Wohnkueche-2-150x150.jpg\" alt=\"\" width=\"150\" height=\"150\" \/><\/a><\/h4>\n<p><a style=\"pointer-events: none;\" href=\"http:\/\/wp.ferienhaus-mayer.de\/wp-content\/uploads\/2023\/07\/Neue-Wohnkueche-1.jpg\" data-rel=\"lightbox-gallery-fBcw9dI8\" data-rl_title=\"\" data-rl_caption=\"\" title=\"\"><img loading=\"lazy\" decoding=\"async\" class=\"alignleft size-thumbnail wp-image-769\" src=\"http:\/\/wp.ferienhaus-mayer.de\/wp-content\/uploads\/2023\/07\/Neue-Wohnkueche-1-150x150.jpg\" alt=\"\" width=\"150\" height=\"150\" \/><\/a><\/p>\n<p><a style=\"pointer-events: none;\" href=\"http:\/\/wp.ferienhaus-mayer.de\/wp-content\/uploads\/2019\/04\/IMG_1631.jpg\" data-rel=\"lightbox-gallery-fBcw9dI8\" data-rl_title=\"\" data-rl_caption=\"\" title=\"\"><img loading=\"lazy\" decoding=\"async\" class=\"alignleft size-thumbnail wp-image-571\" src=\"http:\/\/wp.ferienhaus-mayer.de\/wp-content\/uploads\/2019\/04\/IMG_1631-150x150.jpg\" alt=\"\" width=\"150\" height=\"150\" \/><\/a><\/p>\n<h4><a style=\"pointer-events: none;\" href=\"http:\/\/wp.ferienhaus-mayer.de\/wp-content\/uploads\/2023\/07\/Neue-Wohnkueche-4.jpg\" data-rel=\"lightbox-gallery-fBcw9dI8\" data-rl_title=\"\" data-rl_caption=\"\" title=\"\"><img loading=\"lazy\" decoding=\"async\" class=\"alignleft size-thumbnail wp-image-774\" src=\"http:\/\/wp.ferienhaus-mayer.de\/wp-content\/uploads\/2023\/07\/Neue-Wohnkueche-4-150x150.jpg\" alt=\"\" width=\"150\" height=\"150\" \/><\/a><a style=\"pointer-events: none;\" href=\"http:\/\/wp.ferienhaus-mayer.de\/wp-content\/uploads\/2023\/07\/Neue-Wohnkueche-5.jpg\" data-rel=\"lightbox-gallery-fBcw9dI8\" data-rl_title=\"\" data-rl_caption=\"\" title=\"\"><img loading=\"lazy\" decoding=\"async\" class=\"alignleft size-thumbnail wp-image-775\" src=\"http:\/\/wp.ferienhaus-mayer.de\/wp-content\/uploads\/2023\/07\/Neue-Wohnkueche-5-150x150.jpg\" alt=\"\" width=\"150\" height=\"150\" \/><\/a><\/h4>\n<h4>\u00a0<\/h4>\n\n\n<p>Durch das Anklicken der Bilder werden sie vergr\u00f6\u00dfert.<\/p>\n\n\n\n<p><strong>Bitte haben Sie Verst\u00e4ndnis daf\u00fcr, dass in der Wohnung nicht geraucht werden darf und keine Haustiere erlaubt sind.<\/strong><\/p>\n","protected":false},"excerpt":{"rendered":"<p>Verbringen Sie Ihren wohlverdienten Urlaub in unserer gem\u00fctlichen Ferienwohnung mit Terrasse! \u00a0\u00a0\u00a0\u00a0\u00a0\u00a0\u00a0\u00a0\u00a0\u00a0\u00a0\u00a0\u00a0\u00a0\u00a0\u00a0\u00a0\u00a0\u00a0\u00a0\u00a0\u00a0\u00a0\u00a0\u00a0\u00a0\u00a0\u00a0\u00a0\u00a0\u00a0\u00a0\u00a0\u00a0\u00a0\u00a0\u00a0\u00a0\u00a0\u00a0\u00a0\u00a0\u00a0\u00a0\u00a0\u00a0\u00a0\u00a0\u00a0\u00a0\u00a0\u00a0\u00a0\u00a0\u00a0\u00a0\u00a0\u00a0\u00a0\u00a0\u00a0\u00a0\u00a0\u00a0\u00a0\u00a0\u00a0\u00a0\u00a0\u00a0\u00a0\u00a0\u00a0 Ihre Terrasse &#8211; ein Platz an der Sonne! Ihr behagliches Urlaubszuhause ist eine Einliegerwohnung mit Zugang zum Garten und Liegewiese. Eine m\u00f6blierte Terrasse (Gartenm\u00f6bel, Liege, Hollywoodschaukel und Markise) &hellip; <a href=\"http:\/\/wp.ferienhaus-mayer.de\/?page_id=58\">Weiterlesen <span class=\"meta-nav\">&rarr;<\/span><\/a><\/p>\n","protected":false},"author":1,"featured_media":0,"parent":0,"menu_order":10,"comment_status":"closed","ping_status":"closed","template":"","meta":{"_acf_changed":false,"footnotes":""},"class_list":["post-58","page","type-page","status-publish","hentry"],"acf":[],"_links":{"self":[{"href":"http:\/\/wp.ferienhaus-mayer.de\/index.php?rest_route=\/wp\/v2\/pages\/58"}],"collection":[{"href":"http:\/\/wp.ferienhaus-mayer.de\/index.php?rest_route=\/wp\/v2\/pages"}],"about":[{"href":"http:\/\/wp.ferienhaus-mayer.de\/index.php?rest_route=\/wp\/v2\/types\/page"}],"author":[{"embeddable":true,"href":"http:\/\/wp.ferienhaus-mayer.de\/index.php?rest_route=\/wp\/v2\/users\/1"}],"replies":[{"embeddable":true,"href":"http:\/\/wp.ferienhaus-mayer.de\/index.php?rest_route=%2Fwp%2Fv2%2Fcomments&post=58"}],"version-history":[{"count":99,"href":"http:\/\/wp.ferienhaus-mayer.de\/index.php?rest_route=\/wp\/v2\/pages\/58\/revisions"}],"predecessor-version":[{"id":795,"href":"http:\/\/wp.ferienhaus-mayer.de\/index.php?rest_route=\/wp\/v2\/pages\/58\/revisions\/795"}],"wp:attachment":[{"href":"http:\/\/wp.ferienhaus-mayer.de\/index.php?rest_route=%2Fwp%2Fv2%2Fmedia&parent=58"}],"curies":[{"name":"wp","href":"https:\/\/api.w.org\/{rel}","templated":true}]}}