{"id":88,"date":"2018-07-29T10:36:22","date_gmt":"2018-07-29T10:36:22","guid":{"rendered":"http:\/\/wp.ferienhaus-mayer.de\/?page_id=88"},"modified":"2024-01-23T16:17:41","modified_gmt":"2024-01-23T16:17:41","slug":"preise","status":"publish","type":"page","link":"http:\/\/wp.ferienhaus-mayer.de\/?page_id=88","title":{"rendered":"Preise"},"content":{"rendered":"<h3><span style=\"color: #993366;\"><strong>Ferienwohnung f\u00fcr 2 Personen\/pro Tag:\u00a0 35,00 Euro<br \/>\n<\/strong><\/span><\/h3>\n<p><a href=\"http:\/\/wp.ferienhaus-mayer.de\/wp-content\/uploads\/2018\/08\/Blume3.jpg\" data-rel=\"lightbox-gallery-G1z7PsFh\" data-rl_title=\"\" data-rl_caption=\"\" title=\"\"><img loading=\"lazy\" decoding=\"async\" class=\"alignleft size-thumbnail wp-image-345\" src=\"http:\/\/wp.ferienhaus-mayer.de\/wp-content\/uploads\/2018\/08\/Blume3-150x150.jpg\" alt=\"\" width=\"150\" height=\"150\" \/><\/a>Dieser Preis gilt ab 2 \u00dcbernachtungen.<\/p>\n<p>Eine \u00dcbernachtung f\u00fcr 2 Personen\/ 40,00 Euro.<\/p>\n<p><strong>jede weitere Person\/pro Tag: 8,00 Euro<\/strong><\/p>\n<p><strong>Kinder bis 2 Jahre sind frei.<\/strong><\/p>\n<p><strong>Kinder von 2 &#8211; 8 Jahren\/pro Tag: 4,oo Euro<\/strong><\/p>\n<p><strong>Fr\u00fchst\u00fcck pro Person\/Tag: 7,00 Euro<\/strong><\/p>\n","protected":false},"excerpt":{"rendered":"<p>Ferienwohnung f\u00fcr 2 Personen\/pro Tag:\u00a0 35,00 Euro Dieser Preis gilt ab 2 \u00dcbernachtungen. Eine \u00dcbernachtung f\u00fcr 2 Personen\/ 40,00 Euro. jede weitere Person\/pro Tag: 8,00 Euro Kinder bis 2 Jahre sind frei. Kinder von 2 &#8211; 8 Jahren\/pro Tag: 4,oo &hellip; <a href=\"http:\/\/wp.ferienhaus-mayer.de\/?page_id=88\">Weiterlesen <span class=\"meta-nav\">&rarr;<\/span><\/a><\/p>\n","protected":false},"author":1,"featured_media":0,"parent":0,"menu_order":20,"comment_status":"closed","ping_status":"closed","template":"","meta":{"_acf_changed":false,"footnotes":""},"class_list":["post-88","page","type-page","status-publish","hentry"],"acf":[],"_links":{"self":[{"href":"http:\/\/wp.ferienhaus-mayer.de\/index.php?rest_route=\/wp\/v2\/pages\/88"}],"collection":[{"href":"http:\/\/wp.ferienhaus-mayer.de\/index.php?rest_route=\/wp\/v2\/pages"}],"about":[{"href":"http:\/\/wp.ferienhaus-mayer.de\/index.php?rest_route=\/wp\/v2\/types\/page"}],"author":[{"embeddable":true,"href":"http:\/\/wp.ferienhaus-mayer.de\/index.php?rest_route=\/wp\/v2\/users\/1"}],"replies":[{"embeddable":true,"href":"http:\/\/wp.ferienhaus-mayer.de\/index.php?rest_route=%2Fwp%2Fv2%2Fcomments&post=88"}],"version-history":[{"count":18,"href":"http:\/\/wp.ferienhaus-mayer.de\/index.php?rest_route=\/wp\/v2\/pages\/88\/revisions"}],"predecessor-version":[{"id":798,"href":"http:\/\/wp.ferienhaus-mayer.de\/index.php?rest_route=\/wp\/v2\/pages\/88\/revisions\/798"}],"wp:attachment":[{"href":"http:\/\/wp.ferienhaus-mayer.de\/index.php?rest_route=%2Fwp%2Fv2%2Fmedia&parent=88"}],"curies":[{"name":"wp","href":"https:\/\/api.w.org\/{rel}","templated":true}]}}