{"id":96,"date":"2018-07-29T10:35:11","date_gmt":"2018-07-29T10:35:11","guid":{"rendered":"http:\/\/wp.ferienhaus-mayer.de\/?page_id=96"},"modified":"2022-07-13T11:58:25","modified_gmt":"2022-07-13T11:58:25","slug":"service-und-kontakt","status":"publish","type":"page","link":"http:\/\/wp.ferienhaus-mayer.de\/?page_id=96","title":{"rendered":"Info &#038; Kontakt"},"content":{"rendered":"<p><span style=\"color: #993366;\"><strong>Unser kostenloser Service!<\/strong><\/span><\/p>\n<ul>\n<li>Wlan-Zugang<\/li>\n<li>Bei Ankunft sind die Betten bezogen<\/li>\n<li>Handt\u00fccher, Badet\u00fccher und Geschirrt\u00fccher sind vorhanden<\/li>\n<li>Wir bieten einen Br\u00f6tchenservice f\u00fcr Sie an<\/li>\n<li>Zus\u00e4tzl. Betten, Kissen u. Decken, Hochstuhl f. Kleinkinder stehen zur Verf\u00fcgung<\/li>\n<li>Verleih von Nordic Walking St\u00f6cken, Tennisschl\u00e4gern, Hometrainer<\/li>\n<li>Ein Grillplatz steht zur Verf\u00fcgung sowie eine umfangreiche Infomappe \u00fcber Ausflugsziele und Sehensw\u00fcrdigkeiten in der Umgebung<\/li>\n<li>Wasser, Strom, Heizung, Endreinigung<\/li>\n<\/ul>\n<p style=\"text-align: center;\"><strong>Kontakt<\/strong><\/p>\n<p style=\"text-align: center;\">Anni Mayer, Zollstra\u00dfe 201, 95695 M\u00e4hring<\/p>\n<p style=\"text-align: center;\">Tel. 09639\/650<\/p>\n<p style=\"text-align: center;\"><strong><span style=\"color: #993366;\">Ich w\u00fcrde mich freuen, wenn ich Sie in unserem Hause begr\u00fc\u00dfen d\u00fcrfte.<\/span><\/strong><\/p>\n<p style=\"text-align: center;\">E-Mail: <a href=\"mailto:info@ferienhaus-mayer.de\">info@ferienhaus-mayer.de<\/a><\/p>\n<p style=\"text-align: center;\">\u00a0<a href=\"http:\/\/www.ferienhaus-mayer.de\">www.ferienhaus-mayer.de<\/a><\/p>\n<p style=\"text-align: center;\"><a href=\"http:\/\/www.maehring-fewo.de\">www.maehring-fewo.de<\/a><\/p>\n","protected":false},"excerpt":{"rendered":"<p>Unser kostenloser Service! Wlan-Zugang Bei Ankunft sind die Betten bezogen Handt\u00fccher, Badet\u00fccher und Geschirrt\u00fccher sind vorhanden Wir bieten einen Br\u00f6tchenservice f\u00fcr Sie an Zus\u00e4tzl. Betten, Kissen u. Decken, Hochstuhl f. Kleinkinder stehen zur Verf\u00fcgung Verleih von Nordic Walking St\u00f6cken, Tennisschl\u00e4gern, &hellip; <a href=\"http:\/\/wp.ferienhaus-mayer.de\/?page_id=96\">Weiterlesen <span class=\"meta-nav\">&rarr;<\/span><\/a><\/p>\n","protected":false},"author":1,"featured_media":0,"parent":0,"menu_order":70,"comment_status":"closed","ping_status":"closed","template":"","meta":{"_acf_changed":false,"footnotes":""},"class_list":["post-96","page","type-page","status-publish","hentry"],"acf":[],"_links":{"self":[{"href":"http:\/\/wp.ferienhaus-mayer.de\/index.php?rest_route=\/wp\/v2\/pages\/96"}],"collection":[{"href":"http:\/\/wp.ferienhaus-mayer.de\/index.php?rest_route=\/wp\/v2\/pages"}],"about":[{"href":"http:\/\/wp.ferienhaus-mayer.de\/index.php?rest_route=\/wp\/v2\/types\/page"}],"author":[{"embeddable":true,"href":"http:\/\/wp.ferienhaus-mayer.de\/index.php?rest_route=\/wp\/v2\/users\/1"}],"replies":[{"embeddable":true,"href":"http:\/\/wp.ferienhaus-mayer.de\/index.php?rest_route=%2Fwp%2Fv2%2Fcomments&post=96"}],"version-history":[{"count":19,"href":"http:\/\/wp.ferienhaus-mayer.de\/index.php?rest_route=\/wp\/v2\/pages\/96\/revisions"}],"predecessor-version":[{"id":754,"href":"http:\/\/wp.ferienhaus-mayer.de\/index.php?rest_route=\/wp\/v2\/pages\/96\/revisions\/754"}],"wp:attachment":[{"href":"http:\/\/wp.ferienhaus-mayer.de\/index.php?rest_route=%2Fwp%2Fv2%2Fmedia&parent=96"}],"curies":[{"name":"wp","href":"https:\/\/api.w.org\/{rel}","templated":true}]}}